{"id":1344,"date":"2024-02-19T05:56:20","date_gmt":"2024-02-19T05:56:20","guid":{"rendered":"https:\/\/www.tallimimir.fi\/?page_id=1344"},"modified":"2025-08-13T04:20:24","modified_gmt":"2025-08-13T04:20:24","slug":"hevostunnit","status":"publish","type":"page","link":"https:\/\/www.tallimimir.fi\/?page_id=1344","title":{"rendered":"Ratsastustunnit"},"content":{"rendered":"<p>[et_pb_section fb_built=&#8221;1&#8243; custom_padding_last_edited=&#8221;on|desktop&#8221; admin_label=&#8221;Header&#8221; _builder_version=&#8221;4.23.1&#8243; _module_preset=&#8221;default&#8221; background_image=&#8221;https:\/\/www.tallimimir.fi\/wp-content\/uploads\/2023\/12\/DSC_0254-scaled.jpg&#8221; custom_padding=&#8221;22vw||70px||false|false&#8221; custom_padding_tablet=&#8221;60px||||false|false&#8221; custom_padding_phone=&#8221;60px||||false|false&#8221; collapsed=&#8221;on&#8221; global_colors_info=&#8221;{}&#8221;][et_pb_row _builder_version=&#8221;4.21.0&#8243; _module_preset=&#8221;default&#8221; z_index=&#8221;10&#8243; max_width=&#8221;none&#8221; global_colors_info=&#8221;{}&#8221;][et_pb_column type=&#8221;4_4&#8243; _builder_version=&#8221;4.21.0&#8243; _module_preset=&#8221;default&#8221; global_colors_info=&#8221;{}&#8221;][et_pb_text _builder_version=&#8221;4.24.3&#8243; _module_preset=&#8221;28df4e5c-a76b-4022-9823-589d325f6636&#8243; text_font=&#8221;norse2||||||||&#8221; header_font=&#8221;norse|||on|||||&#8221; header_text_color=&#8221;#FFFFFF&#8221; text_orientation=&#8221;right&#8221; hover_enabled=&#8221;0&#8243; locked=&#8221;off&#8221; global_colors_info=&#8221;{}&#8221; sticky_enabled=&#8221;0&#8243;]<\/p>\n<h1 style=\"text-align: center;\">Ratsastustunnit<\/h1>\n<p>[\/et_pb_text][et_pb_button button_url=&#8221;https:\/\/hopoti.com\/stable\/TalliMmir\/booking?cal=all&#8221; url_new_window=&#8221;on&#8221; button_text=&#8221;Varaa hevostunti&#8221; button_alignment=&#8221;right&#8221; _builder_version=&#8221;4.24.0&#8243; _module_preset=&#8221;e5f79daf-e029-4ed9-95d3-928a5af78c74&#8243; locked=&#8221;off&#8221; global_colors_info=&#8221;{}&#8221;][\/et_pb_button][\/et_pb_column][\/et_pb_row][et_pb_row _builder_version=&#8221;4.21.0&#8243; _module_preset=&#8221;default&#8221; positioning=&#8221;absolute&#8221; position_origin_a=&#8221;bottom_left&#8221; z_index=&#8221;0&#8243; width=&#8221;100%&#8221; max_width=&#8221;none&#8221; custom_padding=&#8221;||0px|||&#8221; global_colors_info=&#8221;{}&#8221;][et_pb_column type=&#8221;4_4&#8243; _builder_version=&#8221;4.21.0&#8243; _module_preset=&#8221;default&#8221; global_colors_info=&#8221;{}&#8221;][et_pb_image src=&#8221;https:\/\/www.tallimimir.fi\/wp-content\/uploads\/2023\/11\/watercolor-divider-01.png&#8221; title_text=&#8221;watercolor-divider-01&#8243; _builder_version=&#8221;4.21.0&#8243; _module_preset=&#8221;default&#8221; global_colors_info=&#8221;{}&#8221;][\/et_pb_image][\/et_pb_column][\/et_pb_row][\/et_pb_section][et_pb_section fb_built=&#8221;1&#8243; admin_label=&#8221;Services&#8221; _builder_version=&#8221;4.21.0&#8243; _module_preset=&#8221;default&#8221; collapsed=&#8221;on&#8221; global_colors_info=&#8221;{}&#8221;][et_pb_row _builder_version=&#8221;4.21.0&#8243; _module_preset=&#8221;default&#8221; max_width=&#8221;700px&#8221; global_colors_info=&#8221;{}&#8221;][et_pb_column type=&#8221;4_4&#8243; _builder_version=&#8221;4.21.0&#8243; _module_preset=&#8221;default&#8221; global_colors_info=&#8221;{}&#8221;][et_pb_text _builder_version=&#8221;4.23.1&#8243; _module_preset=&#8221;59d9aa34-87f7-4c74-b160-e674618d0853&#8243; header_font=&#8221;norse2||||||||&#8221; header_2_font=&#8221;norse2|500|||||||&#8221; header_3_font=&#8221;norse2||||||||&#8221; text_orientation=&#8221;center&#8221; locked=&#8221;off&#8221; global_colors_info=&#8221;{}&#8221;]<\/p>\n<h2>Monipuoliset hevostunnit<\/h2>\n<h3>muutakin kuin ratsastusta<\/h3>\n<p>[\/et_pb_text][\/et_pb_column][\/et_pb_row][\/et_pb_section][et_pb_section fb_built=&#8221;1&#8243; _builder_version=&#8221;4.24.0&#8243; _module_preset=&#8221;default&#8221; global_colors_info=&#8221;{}&#8221;][et_pb_row _builder_version=&#8221;4.24.0&#8243; _module_preset=&#8221;default&#8221; global_colors_info=&#8221;{}&#8221;][et_pb_column type=&#8221;4_4&#8243; _builder_version=&#8221;4.24.0&#8243; _module_preset=&#8221;default&#8221; global_colors_info=&#8221;{}&#8221;][et_pb_text _builder_version=&#8221;4.24.3&#8243; _module_preset=&#8221;default&#8221; hover_enabled=&#8221;0&#8243; global_colors_info=&#8221;{}&#8221; sticky_enabled=&#8221;0&#8243;]<\/p>\n<p>Tarjoamme ohjattuja ratsastustunteja pienryhmiss\u00e4 monen tasoisille harrastajille. Ratsastustuntiin kuuluu aina hevosen hoito ja varustaminen itse ennen tunnin alkua. Tunneilla keskityt\u00e4\u00e4n perusratsastukseen, istuntaan ja askellajiratsastukseen jokaisen omalla tasolla. Pienryhm\u00e4ss\u00e4 ratsastus on mukavaa ja jokainen saa varmasti yksil\u00f6llist\u00e4 ohjausta. Ratsastustuntien lis\u00e4ksi\u00a0 meill\u00e4 on tarjolla my\u00f6s hevosenhoito-\/maastak\u00e4sittelytunteja. Hevosten kanssa voi tehd\u00e4 niin paljon muutakin kuin vain ratsastastaa ja itseasiassa se kaikki muu opettaa meit\u00e4 ymm\u00e4rt\u00e4m\u00e4\u00e4n hevosia paremmin ja toimimaan niiden kanssa turvallisesti.<\/p>\n<p>Islanninhevosella on muihin hevosrotuihin verrattuna 1-2 askellajia enemm\u00e4n (t\u00f6ltti ja\u00a0 passi), joten t\u00e4m\u00e4 tuo lis\u00e4maustetta ratsastukseen.<\/p>\n<p>Tarkemmat tuntien kuvaukset l\u00f6yd\u00e4t Hopotista kyseisen tunnin kuvauksesta.<br \/>Ratsastustunteja voit varata s\u00e4hk\u00f6isen ajanvarauskalenterin kautta (<a href=\"https:\/\/hopoti.com\/stable\/TalliMmir\/booking?cal=all\">Hopoti<\/a>) tai puhelimitse\/viestitse.\u00a0 Olethan rehellinen taitotasostasi tunteja varatessasi, n\u00e4in pystymme valitsemaan juuri sinulle parhaiten sopivan hevosen tunnille.<\/p>\n<p>[\/et_pb_text][\/et_pb_column][\/et_pb_row][\/et_pb_section][et_pb_section fb_built=&#8221;1&#8243; _builder_version=&#8221;4.23.4&#8243; _module_preset=&#8221;default&#8221; global_colors_info=&#8221;{}&#8221;][et_pb_row column_structure=&#8221;1_2,1_2&#8243; _builder_version=&#8221;4.23.4&#8243; _module_preset=&#8221;default&#8221; global_colors_info=&#8221;{}&#8221;][et_pb_column type=&#8221;1_2&#8243; _builder_version=&#8221;4.23.4&#8243; _module_preset=&#8221;default&#8221; global_colors_info=&#8221;{}&#8221;][et_pb_image src=&#8221;https:\/\/www.tallimimir.fi\/wp-content\/uploads\/2024\/01\/Brown-Pastel-Organic-Boho-Project-Scheme-Concept-Mind-Map-Graph.jpg&#8221; title_text=&#8221;Brown Pastel Organic Boho Project Scheme Concept Mind Map Graph&#8221; _builder_version=&#8221;4.23.4&#8243; _module_preset=&#8221;default&#8221; global_colors_info=&#8221;{}&#8221;][\/et_pb_image][\/et_pb_column][et_pb_column type=&#8221;1_2&#8243; _builder_version=&#8221;4.23.4&#8243; _module_preset=&#8221;default&#8221; global_colors_info=&#8221;{}&#8221;][et_pb_image src=&#8221;https:\/\/www.tallimimir.fi\/wp-content\/uploads\/2025\/03\/Beige-and-Brown-Classic-Floral-Spa-Price-List.png&#8221; title_text=&#8221;Beige and Brown Classic Floral Spa Price List&#8221; _builder_version=&#8221;4.24.3&#8243; _module_preset=&#8221;default&#8221; global_colors_info=&#8221;{}&#8221;][\/et_pb_image][\/et_pb_column][\/et_pb_row][\/et_pb_section][et_pb_section fb_built=&#8221;1&#8243; admin_label=&#8221;Footer&#8221; _builder_version=&#8221;4.23.1&#8243; _module_preset=&#8221;default&#8221; use_background_color_gradient=&#8221;on&#8221; background_color_gradient_direction=&#8221;23deg&#8221; background_color_gradient_stops=&#8221;gcid-9735c811-14cd-4d63-8358-8506147896d3 0%|rgba(52,33,7,0.85) 100%&#8221; background_color_gradient_overlays_image=&#8221;on&#8221; background_image=&#8221;https:\/\/www.tallimimir.fi\/wp-content\/uploads\/2023\/09\/DSC_0104.jpg&#8221; custom_padding=&#8221;||0px||false|false&#8221; saved_tabs=&#8221;all&#8221; locked=&#8221;off&#8221; collapsed=&#8221;on&#8221; global_colors_info=&#8221;{%22gcid-9735c811-14cd-4d63-8358-8506147896d3%22:%91%22background_color_gradient_stops%22%93}&#8221;][et_pb_row column_structure=&#8221;1_4,1_4,1_4,1_4&#8243; _builder_version=&#8221;4.21.0&#8243; _module_preset=&#8221;default&#8221; custom_margin=&#8221;||60px||false|false&#8221; global_colors_info=&#8221;{}&#8221;][et_pb_column type=&#8221;1_4&#8243; _builder_version=&#8221;4.21.0&#8243; _module_preset=&#8221;default&#8221; global_colors_info=&#8221;{}&#8221;][et_pb_text _builder_version=&#8221;4.23.1&#8243; _module_preset=&#8221;b0628248-9971-48fa-ab23-964764890f65&#8243; header_6_font=&#8221;norse|500|||||||&#8221; header_6_text_color=&#8221;#B5A289&#8243; global_colors_info=&#8221;{}&#8221;]<\/p>\n<h6>Ajanvaraukset<\/h6>\n<p>[\/et_pb_text][et_pb_text _builder_version=&#8221;4.23.1&#8243; _module_preset=&#8221;4777cfd2-b19b-40da-b3a4-1b1ed25b66a2&#8243; text_text_color=&#8221;#FFFFFF&#8221; text_font_size=&#8221;13px&#8221; link_text_color=&#8221;#FFFFFF&#8221; locked=&#8221;off&#8221; global_colors_info=&#8221;{}&#8221;]<\/p>\n<p>Oman seikkailusi voit varata k\u00e4tev\u00e4sti s\u00e4hk\u00f6isen ajanvarauksen kautta <a href=\"https:\/\/hopoti.com\/stable\/TalliMmir\/booking?cal=all\" target=\"_blank\" rel=\"noopener\">t\u00e4\u00e4lt\u00e4<\/a> (vaatii rekister\u00f6itymisen).<\/p>\n<p>Perinteinen soitto, tekstiviesti\/whatsapp toimii my\u00f6s, mutta huomioithan ett\u00e4 ty\u00f6ni\u00a0 luonne on sellainen, etten p\u00e4ivyst\u00e4 puhelimen \u00e4\u00e4ress\u00e4 koko ajan.<\/p>\n<p>[\/et_pb_text][\/et_pb_column][et_pb_column type=&#8221;1_4&#8243; _builder_version=&#8221;4.21.0&#8243; _module_preset=&#8221;default&#8221; global_colors_info=&#8221;{}&#8221;][et_pb_text _builder_version=&#8221;4.23.1&#8243; _module_preset=&#8221;b0628248-9971-48fa-ab23-964764890f65&#8243; header_6_font=&#8221;norse|500|||||||&#8221; header_6_text_color=&#8221;#B5A289&#8243; locked=&#8221;off&#8221; global_colors_info=&#8221;{}&#8221;]<\/p>\n<h6>Yhteystiedot<\/h6>\n<p>[\/et_pb_text][et_pb_text _builder_version=&#8221;4.23.1&#8243; _module_preset=&#8221;4777cfd2-b19b-40da-b3a4-1b1ed25b66a2&#8243; text_text_color=&#8221;#FFFFFF&#8221; text_font_size=&#8221;13px&#8221; link_text_color=&#8221;#FFFFFF&#8221; custom_margin=&#8221;||0px||false|false&#8221; locked=&#8221;off&#8221; global_colors_info=&#8221;{}&#8221;]<\/p>\n<p>tallimimir@gmail.com<\/p>\n<p>[\/et_pb_text][et_pb_text _builder_version=&#8221;4.23.1&#8243; _module_preset=&#8221;f2b82383-4c1d-4c30-8735-b978bbbabc89&#8243; link_text_color=&#8221;#FFFFFF&#8221; header_4_text_color=&#8221;#FFFFFF&#8221; background_layout=&#8221;dark&#8221; locked=&#8221;off&#8221; global_colors_info=&#8221;{}&#8221;]<\/p>\n<p>0440292670<\/p>\n<p>[\/et_pb_text][et_pb_text _builder_version=&#8221;4.23.1&#8243; _module_preset=&#8221;4777cfd2-b19b-40da-b3a4-1b1ed25b66a2&#8243; text_text_color=&#8221;#FFFFFF&#8221; text_font_size=&#8221;13px&#8221; link_text_color=&#8221;#FFFFFF&#8221; locked=&#8221;off&#8221; global_colors_info=&#8221;{}&#8221;]<\/p>\n<p>Lentokent\u00e4ntie 55<br \/>84540 Ylivieska<\/p>\n<p>[\/et_pb_text][\/et_pb_column][et_pb_column type=&#8221;1_4&#8243; _builder_version=&#8221;4.21.0&#8243; _module_preset=&#8221;default&#8221; global_colors_info=&#8221;{}&#8221;][et_pb_text _builder_version=&#8221;4.23.1&#8243; _module_preset=&#8221;b0628248-9971-48fa-ab23-964764890f65&#8243; header_6_font=&#8221;norse|500|||||||&#8221; header_6_text_color=&#8221;#B5A289&#8243; locked=&#8221;off&#8221; global_colors_info=&#8221;{}&#8221;]<\/p>\n<h6>Aukioloajat<\/h6>\n<p>[\/et_pb_text][et_pb_text _builder_version=&#8221;4.23.1&#8243; _module_preset=&#8221;4777cfd2-b19b-40da-b3a4-1b1ed25b66a2&#8243; text_text_color=&#8221;#FFFFFF&#8221; text_font_size=&#8221;13px&#8221; custom_margin=&#8221;||0px||false|false&#8221; locked=&#8221;off&#8221; global_colors_info=&#8221;{}&#8221;]<\/p>\n<p>Toimipaikkamme on my\u00f6s koti.<br \/>T\u00e4st\u00e4 syyst\u00e4 olemme <span style=\"text-decoration: underline;\">avoinna vain<\/span> <span style=\"text-decoration: underline;\">ajanvarauksella<\/span> \ud83d\ude42<\/p>\n<p>[\/et_pb_text][\/et_pb_column][et_pb_column type=&#8221;1_4&#8243; _builder_version=&#8221;4.21.0&#8243; _module_preset=&#8221;default&#8221; global_colors_info=&#8221;{}&#8221;][et_pb_text _builder_version=&#8221;4.23.1&#8243; _module_preset=&#8221;b0628248-9971-48fa-ab23-964764890f65&#8243; header_font=&#8221;norse2||||||||&#8221; header_6_font=&#8221;norse|500|||||||&#8221; header_6_text_color=&#8221;#B5A289&#8243; locked=&#8221;off&#8221; global_colors_info=&#8221;{}&#8221;]<\/p>\n<h6>Seuraa meit\u00e4 somessa<\/h6>\n<p>[\/et_pb_text][et_pb_social_media_follow _builder_version=&#8221;4.23.1&#8243; _module_preset=&#8221;default&#8221; global_colors_info=&#8221;{}&#8221;][et_pb_social_media_follow_network social_network=&#8221;facebook&#8221; url=&#8221;https:\/\/www.facebook.com\/tallimimir\/&#8221; _builder_version=&#8221;4.23.1&#8243; _module_preset=&#8221;default&#8221; background_color=&#8221;RGBA(255,255,255,0)&#8221; background_enable_color=&#8221;on&#8221; custom_padding=&#8221;4px|4px|4px|4px|true|true&#8221; border_radii=&#8221;on|100px|100px|100px|100px&#8221; border_width_all=&#8221;1px&#8221; border_color_all=&#8221;#FFFFFF&#8221; global_colors_info=&#8221;{}&#8221; follow_button=&#8221;off&#8221; url_new_window=&#8221;on&#8221;]facebook[\/et_pb_social_media_follow_network][et_pb_social_media_follow_network social_network=&#8221;instagram&#8221; url=&#8221;https:\/\/www.instagram.com\/mimirtalli\/&#8221; _builder_version=&#8221;4.23.1&#8243; _module_preset=&#8221;default&#8221; background_color=&#8221;RGBA(255,255,255,0)&#8221; background_enable_color=&#8221;on&#8221; custom_padding=&#8221;4px|4px|4px|4px|true|true&#8221; border_radii=&#8221;on|100px|100px|100px|100px&#8221; border_width_all=&#8221;1px&#8221; border_color_all=&#8221;#FFFFFF&#8221; global_colors_info=&#8221;{}&#8221; follow_button=&#8221;off&#8221; url_new_window=&#8221;on&#8221;]instagram[\/et_pb_social_media_follow_network][\/et_pb_social_media_follow][\/et_pb_column][\/et_pb_row][et_pb_row _builder_version=&#8221;4.21.0&#8243; _module_preset=&#8221;default&#8221; width=&#8221;100%&#8221; max_width=&#8221;none&#8221; border_color_all=&#8221;rgba(255,255,255,0.12)&#8221; border_width_top=&#8221;1px&#8221; global_colors_info=&#8221;{}&#8221;][et_pb_column type=&#8221;4_4&#8243; _builder_version=&#8221;4.21.0&#8243; _module_preset=&#8221;default&#8221; global_colors_info=&#8221;{}&#8221;][et_pb_text _builder_version=&#8221;4.23.1&#8243; _dynamic_attributes=&#8221;content&#8221; _module_preset=&#8221;7d18c44d-80b1-470e-92d8-0b9b47a8e718&#8243; text_text_color=&#8221;gcid-4a53c4f2-10a4-4df5-aae5-66892dee9e02&#8243; text_font_size=&#8221;16px&#8221; text_orientation=&#8221;center&#8221; text_font_size_tablet=&#8221;15px&#8221; text_font_size_phone=&#8221;14px&#8221; text_font_size_last_edited=&#8221;on|desktop&#8221; locked=&#8221;off&#8221; global_colors_info=&#8221;{%22gcid-4a53c4f2-10a4-4df5-aae5-66892dee9e02%22:%91%22text_text_color%22%93}&#8221;]@ET-DC@eyJkeW5hbWljIjp0cnVlLCJjb250ZW50IjoiY3VycmVudF9kYXRlIiwic2V0dGluZ3MiOnsiYmVmb3JlIjoiQ29weXJpZ2h0ICZjb3B5OyAiLCJhZnRlciI6IiBUYWxsaSBNaW1pci4gQWxsIFJpZ2h0cyBSZXNlcnZlZC4iLCJkYXRlX2Zvcm1hdCI6ImN1c3RvbSIsImN1c3RvbV9kYXRlX2Zvcm1hdCI6IlkifX0=@[\/et_pb_text][\/et_pb_column][\/et_pb_row][\/et_pb_section]<\/p>\n","protected":false},"excerpt":{"rendered":"<p>RatsastustunnitMonipuoliset hevostunnit muutakin kuin ratsastustaTarjoamme ohjattuja ratsastustunteja pienryhmiss\u00e4 monen tasoisille harrastajille. Ratsastustuntiin kuuluu aina hevosen hoito ja varustaminen itse ennen tunnin alkua. Tunneilla keskityt\u00e4\u00e4n perusratsastukseen, istuntaan ja askellajiratsastukseen jokaisen omalla tasolla. Pienryhm\u00e4ss\u00e4 ratsastus on mukavaa ja jokainen saa varmasti yksil\u00f6llist\u00e4 ohjausta. Ratsastustuntien lis\u00e4ksi\u00a0 meill\u00e4 on tarjolla my\u00f6s hevosenhoito-\/maastak\u00e4sittelytunteja. Hevosten kanssa voi tehd\u00e4 niin paljon muutakin [&hellip;]<\/p>\n","protected":false},"author":1,"featured_media":0,"parent":0,"menu_order":0,"comment_status":"closed","ping_status":"closed","template":"","meta":{"_et_pb_use_builder":"on","_et_pb_old_content":"","_et_gb_content_width":"","_uag_custom_page_level_css":"","footnotes":""},"class_list":["post-1344","page","type-page","status-publish","hentry"],"uagb_featured_image_src":{"full":false,"thumbnail":false,"medium":false,"medium_large":false,"large":false,"1536x1536":false,"2048x2048":false,"et-pb-post-main-image":false,"et-pb-post-main-image-fullwidth":false,"et-pb-portfolio-image":false,"et-pb-portfolio-module-image":false,"et-pb-portfolio-image-single":false,"et-pb-gallery-module-image-portrait":false,"et-pb-post-main-image-fullwidth-large":false},"uagb_author_info":{"display_name":"admin","author_link":"https:\/\/www.tallimimir.fi\/?author=1"},"uagb_comment_info":0,"uagb_excerpt":"RatsastustunnitMonipuoliset hevostunnit muutakin kuin ratsastustaTarjoamme ohjattuja ratsastustunteja pienryhmiss\u00e4 monen tasoisille harrastajille. Ratsastustuntiin kuuluu aina hevosen hoito ja varustaminen itse ennen tunnin alkua. Tunneilla keskityt\u00e4\u00e4n perusratsastukseen, istuntaan ja askellajiratsastukseen jokaisen omalla tasolla. Pienryhm\u00e4ss\u00e4 ratsastus on mukavaa ja jokainen saa varmasti yksil\u00f6llist\u00e4 ohjausta. Ratsastustuntien lis\u00e4ksi\u00a0 meill\u00e4 on tarjolla my\u00f6s hevosenhoito-\/maastak\u00e4sittelytunteja. Hevosten kanssa voi tehd\u00e4 niin paljon muutakin&hellip;","_links":{"self":[{"href":"https:\/\/www.tallimimir.fi\/index.php?rest_route=\/wp\/v2\/pages\/1344","targetHints":{"allow":["GET"]}}],"collection":[{"href":"https:\/\/www.tallimimir.fi\/index.php?rest_route=\/wp\/v2\/pages"}],"about":[{"href":"https:\/\/www.tallimimir.fi\/index.php?rest_route=\/wp\/v2\/types\/page"}],"author":[{"embeddable":true,"href":"https:\/\/www.tallimimir.fi\/index.php?rest_route=\/wp\/v2\/users\/1"}],"replies":[{"embeddable":true,"href":"https:\/\/www.tallimimir.fi\/index.php?rest_route=%2Fwp%2Fv2%2Fcomments&post=1344"}],"version-history":[{"count":16,"href":"https:\/\/www.tallimimir.fi\/index.php?rest_route=\/wp\/v2\/pages\/1344\/revisions"}],"predecessor-version":[{"id":1531,"href":"https:\/\/www.tallimimir.fi\/index.php?rest_route=\/wp\/v2\/pages\/1344\/revisions\/1531"}],"wp:attachment":[{"href":"https:\/\/www.tallimimir.fi\/index.php?rest_route=%2Fwp%2Fv2%2Fmedia&parent=1344"}],"curies":[{"name":"wp","href":"https:\/\/api.w.org\/{rel}","templated":true}]}}